{"id":573,"date":"2023-06-05T14:59:07","date_gmt":"2023-06-05T12:59:07","guid":{"rendered":"https:\/\/www.lillehorseevent.com\/politique-de-confidentialite\/"},"modified":"2023-10-04T11:51:36","modified_gmt":"2023-10-04T09:51:36","slug":"politique-de-confidentialite","status":"publish","type":"page","link":"https:\/\/www.lillehorseevent.com\/en\/politique-de-confidentialite\/","title":{"rendered":"Politique de confidentialit\u00e9"},"content":{"rendered":"\r\n<p><strong>POLITIQUE DE PROTECTION DES DONNEES PERSONNELLES<\/strong><\/p>\r\n<p>La SAEM Lille Grand Palais est soucieuse de la protection des donn\u00e9es personnelles et de la vie priv\u00e9e de toute personne qui acc\u00e8de \u00e0 son site internet. Nous avons \u00e9galement conscience de la n\u00e9cessit\u00e9 de permettre \u00e0 toute personne de garder la ma\u00eetrise sur ses donn\u00e9es \u00e0 caract\u00e8re personnel.<\/p>\r\n<p>La pr\u00e9sente politique de protection des donn\u00e9es personnelles sur internet (ci-apr\u00e8s, la \u00ab Politique \u00bb) d\u00e9crit les types de donn\u00e9es personnelles que Lille Grand Palais peut \u00eatre amen\u00e9e \u00e0 collecter via son site internet, ses formulaires, son blog ou encore les pages qui lui sont consacr\u00e9es sur les r\u00e9seaux sociaux. Elle vous fournit en outre des informations importantes concernant vos droits et la protection de vos donn\u00e9es personnelles.<\/p>\r\n<p>Cette Politique de protection des donn\u00e9es ainsi que les traitements de donn\u00e9es personnelles qui sont mis en \u0153uvre dans ce cadre, sont soumis au droit fran\u00e7ais, et notamment \u00e0 la loi fran\u00e7aise dite informatique et libert\u00e9 (LIL), n\u00b0 78-17 du 6 janvier 1978, modifi\u00e9e par la loi du 6 ao\u00fbt 2004 et \u00e0 tous amendements ult\u00e9rieurs. Elle est \u00e9galement soumise au R\u00e8glement g\u00e9n\u00e9ral sur la protection des donn\u00e9es \u00e0 caract\u00e8re personnel n\u00b02016\/679 (RGPD) du 27 avril 2016 entr\u00e9 en vigueur le 25 mai 2018.<\/p>\r\n<p><strong>1.Responsable de traitement : qui collecte les donn\u00e9es personnelles ?<\/strong><\/p>\r\n<p>Le responsable de traitement est la soci\u00e9t\u00e9 d\u2019exploitation Lille Grand Palais, soci\u00e9t\u00e9 anonyme d\u2019\u00e9conomie mixte au capital social de 2 700 000,00 euros situ\u00e9e 1 Boulevard des Cit\u00e9s Unies 59 777 Euralille \u2013 LILLE, immatricul\u00e9e au registre du Commerce et des Soci\u00e9t\u00e9s de Lille sous le n\u00b0 401 713 920 \u2013N\u00b0TVA FR 95 401 713 920.<\/p>\r\n<p><strong>2. Donn\u00e9es Personnelles : quels types de donn\u00e9es sont r\u00e9colt\u00e9s et \u00e0 quelles fins ?<\/strong><\/p>\r\n<p>La notion de \u00ab donn\u00e9es personnelles \u00bb d\u00e9signe toute information relative \u00e0 une personne physique identifi\u00e9e ou qui peut \u00eatre identifi\u00e9e, directement ou indirectement, par r\u00e9f\u00e9rence \u00e0 un num\u00e9ro d\u2019identification ou \u00e0 un ou plusieurs \u00e9l\u00e9ments qui lui sont propres.<\/p>\r\n<p>Lille Grand Palais peut \u00eatre amen\u00e9e \u00e0 collecter des donn\u00e9es \u00e0 caract\u00e8re personnel aupr\u00e8s de vous, ou en recevoir de votre part, lorsque vous remplissez les formulaires en ligne (i) d\u2019inscription \u00e0 l\u2019agenda, (ii) de demande de devis concernant l\u2019organisation d\u2019\u00e9v\u00e8nements, (iii) de demande de contact, ou encore (iv) de candidatures, ou lorsque que vous nous transmettez ces demandes directement par email.<\/p>\r\n<p>Lille Grand Palais peut \u00eatre amen\u00e9e \u00e0 collecter, entre autres, vos nom, pr\u00e9nom, civilit\u00e9, adresse email, num\u00e9ro de t\u00e9l\u00e9phone ainsi que vos donn\u00e9es de navigation.<\/p>\r\n<p>Plus particuli\u00e8rement, dans le cadre de l\u2019utilisation du formulaire de demande de devis pour l\u2019organisation d\u2019\u00e9v\u00e8nements, Lille Grand Palais est amen\u00e9e \u00e0 collecter en outre l\u2019identit\u00e9 de l\u2019organisateur, le type d\u2019\u00e9v\u00e8nements qui vous int\u00e9resse et la date souhait\u00e9e. En compl\u00e9tant le formulaire en ligne, vous \u00eates \u00e9galement invit\u00e9 \u00e0 compl\u00e9ter votre demande en laissant un message dans la zone de commentaire libre pr\u00e9vue \u00e0 cet effet. Dans ce cadre, vous vous engagez \u00e0 respecter les lois et r\u00e9glementations applicables et \u00e0 ne pas prof\u00e9rer de propos \u00e0 vis\u00e9e diffamatoire, attentatoire au respect de la vie priv\u00e9e, injurieuse, incitant \u00e0 la haine raciale, etc. qui pourraient tomber sous le coup de la loi p\u00e9nale. De tels propos ne peuvent en aucun cas \u00eatre tol\u00e9r\u00e9s.<\/p>\r\n<p>Dans le cadre de l\u2019utilisation du formulaire de candidature, Lille Grand Palais est par ailleurs amen\u00e9e \u00e0 collecter d\u2019autres informations telles que le service qui vous int\u00e9resse, votre CV ainsi que votre lettre de motivation.<\/p>\r\n<p>Lorsque Lille Grand Palais collecte vos donn\u00e9es personnelles, cette collecte est effectu\u00e9e de mani\u00e8re loyale et transparente gr\u00e2ce \u00e0 la pr\u00e9sence de mentions d\u2019informations ou de renvoi \u00e0 la pr\u00e9sente Politique.<\/p>\r\n<p>Les donn\u00e9es obligatoires sont identifi\u00e9es par un ast\u00e9risque. Certaines sont indispensables pour pouvoir traiter votre demande. D\u00e8s lors, ne pas enregistrer les champs signal\u00e9s par un ast\u00e9risque nous emp\u00eachera de vous r\u00e9pondre ou traiter votre demande.<\/p>\r\n<p><strong>3. Finalit\u00e9s du traitement : pourquoi vos donn\u00e9es personnelles sont-elles utilis\u00e9es ?<\/strong><\/p>\r\n<p>Lille Grand Palais s\u2019engage \u00e0 ne collecter vos donn\u00e9es personnelles que pour des finalit\u00e9s pr\u00e9cises, explicites et l\u00e9gitimes et \u00e0 ne pas traiter ensuite ces donn\u00e9es de mani\u00e8re incompatible avec ces finalit\u00e9s.<\/p>\r\n<p>Lille Grand Palais peut \u00eatre amen\u00e9e, sur la base de votre consentement que vous pouvez retirer \u00e0 tout moment, \u00e0 traiter vos donn\u00e9es personnelles pour r\u00e9pondre aux finalit\u00e9s suivantes :<\/p>\r\n<p>Gestion des inscriptions \u00e0 notre agenda ;<br \/>Traitement des demandes de contact envoy\u00e9es par email ;<br \/>Traitement des demandes de devis transmises via le formulaire pr\u00e9vu \u00e0 cet effet ou par email ;<br \/>Traitement des candidatures transmises via formulaire pr\u00e9vu \u00e0 cet effet ou par email.<br \/>Dans d\u2019autres cas, Lille Grand Palais est susceptible, sur le fondement de son int\u00e9r\u00eat l\u00e9gitime, de collecter des donn\u00e9es par le biais de l\u2019utilisation de cookies, qui sont d\u00e9pos\u00e9s sur votre ordinateur apr\u00e8s acceptation de votre part, pour comprendre votre fa\u00e7on d\u2019utiliser notre site internet et s\u2019assurer du bon fonctionnement de ce dernier (cookies d\u2019analyse statistiques et cookies de fonctionnement). Pour en savoir plus et g\u00e9rer vos param\u00e8tres de cookies, consulter notre page Gestion des Cookies. \u00c9galement sur le fondement de son int\u00e9r\u00eat l\u00e9gitime, Lille Grand Palais est susceptible de collecter des donn\u00e9es personnelles vous concernant dans le cadre de la gestion du contentieux et la gestion des demandes d\u2019exercice des droits.<\/p>\r\n<p>Le traitement des donn\u00e9es pour le compte des clients (organisation d\u2019\u00e9v\u00e8nements) fait l\u2019objet de conventions directement conclues avec ces derniers et ne fait pas l\u2019objet de la pr\u00e9sente Politique.<\/p>\r\n<p><strong>4. Destinataires des donn\u00e9es personnelles : qui a acc\u00e8s \u00e0 vos informations ?<\/strong><\/p>\r\n<p>Seuls des membres du personnel des services concern\u00e9s de Lille Grand Palais, ont acc\u00e8s et traitent vos donn\u00e9es personnelles, notamment pour les CV et candidatures.<\/p>\r\n<p>Lille Grand Palais peut avoir, de mani\u00e8re exceptionnelle, recours \u00e0 son service technique interne ou \u00e0 des prestataires techniques fran\u00e7ais pour des op\u00e9rations de maintenance de son SI (Syst\u00e8me d\u2019Information) et de ses serveurs de donn\u00e9es. Ces derniers sont contraints contractuellement de respecter la confidentialit\u00e9 et la s\u00e9curit\u00e9 des donn\u00e9es.<\/p>\r\n<p>Lille Grand Palais partage vos donn\u00e9es personnelles avec d\u2019autres tiers uniquement si elle est contraint de le faire en vertu de ses obligations l\u00e9gales ou demande des autorit\u00e9s publiques (ex : autorit\u00e9s judiciaires). Lille Grand Palais peut \u00e9galement \u00eatre amen\u00e9e \u00e0 communiquer \u00e0 certaines professions r\u00e9glement\u00e9es telles qu\u2019avocats, notaires, commissaires aux comptes dans le cadre de l\u2019ex\u00e9cution de leur mandat ou directement \u00e0 des autorit\u00e9s judiciaires ou administratives en application des dispositions l\u00e9gales.<\/p>\r\n<p>Lille Grand Palais s\u2019engage par ailleurs \u00e0 ne pas vendre, louer ou c\u00e9der vos donn\u00e9es personnelles \u00e0 des tiers sans votre consentement.<\/p>\r\n<p><strong>5. Dur\u00e9e de conservation : combien de temps sont conserv\u00e9es, vos donn\u00e9es personnelles ?<\/strong><\/p>\r\n<p>Conform\u00e9ment \u00e0 l\u2019article 5 du RGPD, les donn\u00e9es personnelles collect\u00e9es sont conserv\u00e9es, par Lille Grand Palais, sous une forme permettant l\u2019identification des personnes concern\u00e9es pendant une dur\u00e9e n\u2019exc\u00e9dant pas celle n\u00e9cessaire au regard des finalit\u00e9s pour lesquelles elles sont trait\u00e9es.<\/p>\r\n<p>Dans le cadre d\u2019une demande de devis par email (cadre BtoB) ou d\u2019une demande de contact par email ou d\u2019une inscription \u00e0 l\u2019agenda, les informations sont conserv\u00e9es pour une dur\u00e9e de 3 ans \u00e0 compter de la collecte ou du dernier contact \u00e9manant de la personne concern\u00e9e.<\/p>\r\n<p>Pour les candidatures \u00e0 une offre d\u2019emploi, les CV et lettres de motivation sont conserv\u00e9s 1 an maximum \u00e0 compter de leur r\u00e9ception. Pour les candidatures spontan\u00e9es, les informations sont conserv\u00e9es 1 an maximum \u00e0 partir de la r\u00e9ception de celles-ci.<\/p>\r\n<p>Les donn\u00e9es de la base clients sont conserv\u00e9es pendant 3 ans suivant la fin de la relation contractuelle, puis dans une base interm\u00e9diaire dans la limite des dur\u00e9es de prescription l\u00e9gales.<\/p>\r\n<p>Les donn\u00e9es n\u00e9cessaires au respect d\u2019une obligation l\u00e9gale sont conserv\u00e9es conform\u00e9ment aux dispositions en vigueur (notamment mais non exclusivement celles pr\u00e9vues par le code de commerce, le code civil et le code de la consommation). Les cookies d\u00e9pos\u00e9s sur votre ordinateur lors de votre visite sur le site www. lillegrandpalais.com (apr\u00e8s acceptation de votre part), sont d\u00e9sactiv\u00e9s automatiquement 13 mois apr\u00e8s la date de d\u00e9p\u00f4t.<\/p>\r\n<p><strong>6. Transfert de donn\u00e9es hors UE : sont-ils mis en \u0153uvre ?<\/strong><\/p>\r\n<p>Lille Grand Palais ne pr\u00e9voit aucun transfert de donn\u00e9es personnelles hors UE.<\/p>\r\n<p>Dans l\u2019hypoth\u00e8se o\u00f9 Lille Grand Palais d\u00e9cide de faire appel \u00e0 des prestataires techniques susceptibles d\u2019\u00eatre destinataires de vos donn\u00e9es personnelles et qui se situent en dehors de l\u2019Espace Economique Europ\u00e9en, Lille Grand Palais s\u2019engage \u00e0 exiger le m\u00eame niveau de protection envers vos donn\u00e9es ainsi qu\u2019une protection suffisante de vos donn\u00e9es telle qu\u2019exig\u00e9e par toutes lois et tous r\u00e8glements applicables sur le territoire europ\u00e9en et s\u2019assure que ces prestataires sont soit li\u00e9s par les clauses types de la commission europ\u00e9enne, soit engag\u00e9s par des BCR (binding corporate rules) au sein de leur groupe international et ont \u00e9t\u00e9 d\u00fbment autoris\u00e9es par une autorit\u00e9 de contr\u00f4le de protection des donn\u00e9es \u00e9tablie sur le territoire de l\u2019UE, ou encore ont adh\u00e9r\u00e9 \u00e0 tout programme permettant la reconnaissance d\u2019une protection \u00e9quivalente au sein de leur pays (ex : Privacy Shield aux US).<\/p>\r\n<p><strong>7. Les droits des personnes : quels sont vos droits relatifs au traitement de vos donn\u00e9es personnelles et comment les exercer ?<\/strong><\/p>\r\n<p>Conform\u00e9ment au R\u00e8glement (UE) 2016\/679 relatif \u00e0 la protection des donn\u00e9es \u00e0 caract\u00e8re personnel, vous disposez des droits suivants sur vos donn\u00e9es : droit d\u2019acc\u00e8s, droit de rectification, droit \u00e0 l\u2019effacement (droit \u00e0 l\u2019oubli), droit d\u2019opposition, droit \u00e0 la limitation du traitement, droit \u00e0 la portabilit\u00e9, droit de retirer \u00e0 tout moment votre consentement si le traitement est fond\u00e9 sur cette base. Vous pouvez \u00e9galement d\u00e9finir des directives relatives \u00e0 la conservation, \u00e0 l\u2019effacement et \u00e0 la communication de vos donn\u00e9es \u00e0 caract\u00e8re personnel apr\u00e8s votre d\u00e9c\u00e8s.<\/p>\r\n<p>En particulier, vous pouvez vous opposer \u00e0 tout moment, au traitement des donn\u00e9es vous concernant :<\/p>\r\n<p>\u00e0 des fins de prospection sans justifier d\u2019aucune raison particuli\u00e8re,<br \/>\u00e0 toutes autres fins, pour des motifs tenant \u00e0 votre situation particuli\u00e8re, sauf si Lille Grand Palais d\u00e9montre qu\u2019il existe des motifs l\u00e9gitimes et imp\u00e9rieux qui pr\u00e9valent sur vos int\u00e9r\u00eats et droits et libert\u00e9s, ou pour la constatation, l\u2019exercice ou la d\u00e9fense de droits en justice.<br \/>D\u2019une mani\u00e8re g\u00e9n\u00e9rale, pour exercer vos droits, merci d\u2019adresser votre demande sign\u00e9e par \u00e9crit \u00e0 l\u2019attention du DPO, Lille Grand Palais, 1 Boulevard des Cit\u00e9s Unies 59 777 Lille ou par email \u00e0 dpo@lillegp.com, en y joignant une copie de pi\u00e8ce d\u2019identit\u00e9 (afin de prouver que vous \u00eates le b\u00e9n\u00e9ficiaire du droit).<\/p>\r\n<p>Si vous souhaitez ne plus recevoir l\u2019agenda Lille Grand Palais, vous pouvez simplement vous d\u00e9sabonner en cliquant sur le lien mis \u00e0 votre disposition dans chacun des emails.<\/p>\r\n<p>Sous r\u00e9serve d\u2019un manquement aux dispositions ci-dessus, vous avez le droit d\u2019introduire une r\u00e9clamation aupr\u00e8s de la CNIL.<\/p>\r\n<p><strong>8. Protection des donn\u00e9es personnelles des mineurs<\/strong><\/p>\r\n<p>Le site internet Lille Grand Palais n\u2019est pas destin\u00e9 aux mineurs de moins de 15 ans. C\u2019est la raison pour laquelle nous ne collectons, ni ne conservons des donn\u00e9es personnelles concernant les mineurs de moins de 15 ans, sachant que les parents de l\u2019enfant ou les titulaires de l\u2019exercice de l\u2019autorit\u00e9 parentale ont la possibilit\u00e9 de s\u2019y opposer en nous contactant \u00e0 l\u2019adresse suivante : dpo@lillegp.com.<\/p>\r\n<p>L\u2019enfant mineur au moment de la collecte de ses donn\u00e9es personnelles peut en obtenir l\u2019effacement dans les meilleurs d\u00e9lais \u00e0 cette m\u00eame adresse.<\/p>\r\n<p>S\u2019il apparait que des donn\u00e9es de mineurs de moins de 15 ans nous auraient \u00e9t\u00e9 transmises nous ne pourrons traiter les donn\u00e9es.<\/p>\r\n<p><strong>9. Modifications de la Politique de protection des donn\u00e9es personnelles<\/strong><\/p>\r\n<p>En cas de modification de la pr\u00e9sente Politique par Lille Grand Palais, ou si la loi l\u2019exige, elle sera publi\u00e9e sur notre site www.lillegrandpalais.com et sera effective d\u00e8s sa publication. Par cons\u00e9quent, nous vous invitons \u00e0 vous y r\u00e9f\u00e9rer lors de chaque visite afin de prendre connaissance de la derni\u00e8re version disponible en permanence sur notre site internet. Pour toute information sur la protection des donn\u00e9es personnelles, vous pouvez \u00e9galement consulter le site de la Commission Nationale de l\u2019Informatique et des Libert\u00e9s (CNIL) www.cnil.fr<\/p>\r\n<p>&nbsp;<\/p>\r\n<p><strong>Derni\u00e8re actualisation : mai 2019.<\/strong><\/p>\r\n","protected":false},"excerpt":{"rendered":"<p>POLITIQUE DE PROTECTION DES DONNEES PERSONNELLES La SAEM Lille Grand Palais est soucieuse de la protection des donn\u00e9es personnelles et de la vie priv\u00e9e de toute personne qui acc\u00e8de \u00e0 son site internet. Nous avons \u00e9galement conscience de la n\u00e9cessit\u00e9 de permettre \u00e0 toute personne de garder la ma\u00eetrise sur ses donn\u00e9es \u00e0 caract\u00e8re personnel. [&hellip;]<\/p>\n","protected":false},"author":1,"featured_media":0,"parent":0,"menu_order":0,"comment_status":"closed","ping_status":"closed","template":"","meta":{"inline_featured_image":false},"acf":[],"yoast_head":"<!-- This site is optimized with the Yoast SEO plugin v21.4 - https:\/\/yoast.com\/wordpress\/plugins\/seo\/ -->\n<title>Politique de confidentialit\u00e9 - Lille Horse Event<\/title>\n<meta name=\"robots\" content=\"index, follow, max-snippet:-1, max-image-preview:large, max-video-preview:-1\" \/>\n<link rel=\"canonical\" href=\"https:\/\/www.lillehorseevent.com\/en\/politique-de-confidentialite\/\" \/>\n<meta property=\"og:locale\" content=\"en_US\" \/>\n<meta property=\"og:type\" content=\"article\" \/>\n<meta property=\"og:title\" content=\"Politique de confidentialit\u00e9 - Lille Horse Event\" \/>\n<meta property=\"og:description\" content=\"POLITIQUE DE PROTECTION DES DONNEES PERSONNELLES La SAEM Lille Grand Palais est soucieuse de la protection des donn\u00e9es personnelles et de la vie priv\u00e9e de toute personne qui acc\u00e8de \u00e0 son site internet. Nous avons \u00e9galement conscience de la n\u00e9cessit\u00e9 de permettre \u00e0 toute personne de garder la ma\u00eetrise sur ses donn\u00e9es \u00e0 caract\u00e8re personnel. [&hellip;]\" \/>\n<meta property=\"og:url\" content=\"https:\/\/www.lillehorseevent.com\/en\/politique-de-confidentialite\/\" \/>\n<meta property=\"og:site_name\" content=\"Lille Horse Event\" \/>\n<meta property=\"article:modified_time\" content=\"2023-10-04T09:51:36+00:00\" \/>\n<meta name=\"twitter:card\" content=\"summary_large_image\" \/>\n<meta name=\"twitter:label1\" content=\"Est. reading time\" \/>\n\t<meta name=\"twitter:data1\" content=\"11 minutes\" \/>\n<script type=\"application\/ld+json\" class=\"yoast-schema-graph\">{\"@context\":\"https:\/\/schema.org\",\"@graph\":[{\"@type\":\"WebPage\",\"@id\":\"https:\/\/www.lillehorseevent.com\/en\/politique-de-confidentialite\/\",\"url\":\"https:\/\/www.lillehorseevent.com\/en\/politique-de-confidentialite\/\",\"name\":\"Politique de confidentialit\u00e9 - Lille Horse Event\",\"isPartOf\":{\"@id\":\"https:\/\/www.lillehorseevent.com\/#website\"},\"datePublished\":\"2023-06-05T12:59:07+00:00\",\"dateModified\":\"2023-10-04T09:51:36+00:00\",\"breadcrumb\":{\"@id\":\"https:\/\/www.lillehorseevent.com\/en\/politique-de-confidentialite\/#breadcrumb\"},\"inLanguage\":\"en-US\",\"potentialAction\":[{\"@type\":\"ReadAction\",\"target\":[\"https:\/\/www.lillehorseevent.com\/en\/politique-de-confidentialite\/\"]}]},{\"@type\":\"BreadcrumbList\",\"@id\":\"https:\/\/www.lillehorseevent.com\/en\/politique-de-confidentialite\/#breadcrumb\",\"itemListElement\":[{\"@type\":\"ListItem\",\"position\":1,\"name\":\"Home\",\"item\":\"https:\/\/www.lillehorseevent.com\/en\/\"},{\"@type\":\"ListItem\",\"position\":2,\"name\":\"Politique de confidentialit\u00e9\"}]},{\"@type\":\"WebSite\",\"@id\":\"https:\/\/www.lillehorseevent.com\/#website\",\"url\":\"https:\/\/www.lillehorseevent.com\/\",\"name\":\"Lille Horse Event\",\"description\":\"\",\"publisher\":{\"@id\":\"https:\/\/www.lillehorseevent.com\/#organization\"},\"potentialAction\":[{\"@type\":\"SearchAction\",\"target\":{\"@type\":\"EntryPoint\",\"urlTemplate\":\"https:\/\/www.lillehorseevent.com\/?s={search_term_string}\"},\"query-input\":\"required name=search_term_string\"}],\"inLanguage\":\"en-US\"},{\"@type\":\"Organization\",\"@id\":\"https:\/\/www.lillehorseevent.com\/#organization\",\"name\":\"Lille Horse Event\",\"url\":\"https:\/\/www.lillehorseevent.com\/\",\"logo\":{\"@type\":\"ImageObject\",\"inLanguage\":\"en-US\",\"@id\":\"https:\/\/www.lillehorseevent.com\/#\/schema\/logo\/image\/\",\"url\":\"https:\/\/www.lillehorseevent.com\/wp-content\/uploads\/2023\/06\/main-logo.svg\",\"contentUrl\":\"https:\/\/www.lillehorseevent.com\/wp-content\/uploads\/2023\/06\/main-logo.svg\",\"width\":370,\"height\":331,\"caption\":\"Lille Horse Event\"},\"image\":{\"@id\":\"https:\/\/www.lillehorseevent.com\/#\/schema\/logo\/image\/\"}}]}<\/script>\n<!-- \/ Yoast SEO plugin. -->","yoast_head_json":{"title":"Politique de confidentialit\u00e9 - Lille Horse Event","robots":{"index":"index","follow":"follow","max-snippet":"max-snippet:-1","max-image-preview":"max-image-preview:large","max-video-preview":"max-video-preview:-1"},"canonical":"https:\/\/www.lillehorseevent.com\/en\/politique-de-confidentialite\/","og_locale":"en_US","og_type":"article","og_title":"Politique de confidentialit\u00e9 - Lille Horse Event","og_description":"POLITIQUE DE PROTECTION DES DONNEES PERSONNELLES La SAEM Lille Grand Palais est soucieuse de la protection des donn\u00e9es personnelles et de la vie priv\u00e9e de toute personne qui acc\u00e8de \u00e0 son site internet. Nous avons \u00e9galement conscience de la n\u00e9cessit\u00e9 de permettre \u00e0 toute personne de garder la ma\u00eetrise sur ses donn\u00e9es \u00e0 caract\u00e8re personnel. [&hellip;]","og_url":"https:\/\/www.lillehorseevent.com\/en\/politique-de-confidentialite\/","og_site_name":"Lille Horse Event","article_modified_time":"2023-10-04T09:51:36+00:00","twitter_card":"summary_large_image","twitter_misc":{"Est. reading time":"11 minutes"},"schema":{"@context":"https:\/\/schema.org","@graph":[{"@type":"WebPage","@id":"https:\/\/www.lillehorseevent.com\/en\/politique-de-confidentialite\/","url":"https:\/\/www.lillehorseevent.com\/en\/politique-de-confidentialite\/","name":"Politique de confidentialit\u00e9 - Lille Horse Event","isPartOf":{"@id":"https:\/\/www.lillehorseevent.com\/#website"},"datePublished":"2023-06-05T12:59:07+00:00","dateModified":"2023-10-04T09:51:36+00:00","breadcrumb":{"@id":"https:\/\/www.lillehorseevent.com\/en\/politique-de-confidentialite\/#breadcrumb"},"inLanguage":"en-US","potentialAction":[{"@type":"ReadAction","target":["https:\/\/www.lillehorseevent.com\/en\/politique-de-confidentialite\/"]}]},{"@type":"BreadcrumbList","@id":"https:\/\/www.lillehorseevent.com\/en\/politique-de-confidentialite\/#breadcrumb","itemListElement":[{"@type":"ListItem","position":1,"name":"Home","item":"https:\/\/www.lillehorseevent.com\/en\/"},{"@type":"ListItem","position":2,"name":"Politique de confidentialit\u00e9"}]},{"@type":"WebSite","@id":"https:\/\/www.lillehorseevent.com\/#website","url":"https:\/\/www.lillehorseevent.com\/","name":"Lille Horse Event","description":"","publisher":{"@id":"https:\/\/www.lillehorseevent.com\/#organization"},"potentialAction":[{"@type":"SearchAction","target":{"@type":"EntryPoint","urlTemplate":"https:\/\/www.lillehorseevent.com\/?s={search_term_string}"},"query-input":"required name=search_term_string"}],"inLanguage":"en-US"},{"@type":"Organization","@id":"https:\/\/www.lillehorseevent.com\/#organization","name":"Lille Horse Event","url":"https:\/\/www.lillehorseevent.com\/","logo":{"@type":"ImageObject","inLanguage":"en-US","@id":"https:\/\/www.lillehorseevent.com\/#\/schema\/logo\/image\/","url":"https:\/\/www.lillehorseevent.com\/wp-content\/uploads\/2023\/06\/main-logo.svg","contentUrl":"https:\/\/www.lillehorseevent.com\/wp-content\/uploads\/2023\/06\/main-logo.svg","width":370,"height":331,"caption":"Lille Horse Event"},"image":{"@id":"https:\/\/www.lillehorseevent.com\/#\/schema\/logo\/image\/"}}]}},"_links":{"self":[{"href":"https:\/\/www.lillehorseevent.com\/en\/wp-json\/wp\/v2\/pages\/573"}],"collection":[{"href":"https:\/\/www.lillehorseevent.com\/en\/wp-json\/wp\/v2\/pages"}],"about":[{"href":"https:\/\/www.lillehorseevent.com\/en\/wp-json\/wp\/v2\/types\/page"}],"author":[{"embeddable":true,"href":"https:\/\/www.lillehorseevent.com\/en\/wp-json\/wp\/v2\/users\/1"}],"replies":[{"embeddable":true,"href":"https:\/\/www.lillehorseevent.com\/en\/wp-json\/wp\/v2\/comments?post=573"}],"version-history":[{"count":1,"href":"https:\/\/www.lillehorseevent.com\/en\/wp-json\/wp\/v2\/pages\/573\/revisions"}],"predecessor-version":[{"id":590,"href":"https:\/\/www.lillehorseevent.com\/en\/wp-json\/wp\/v2\/pages\/573\/revisions\/590"}],"wp:attachment":[{"href":"https:\/\/www.lillehorseevent.com\/en\/wp-json\/wp\/v2\/media?parent=573"}],"curies":[{"name":"wp","href":"https:\/\/api.w.org\/{rel}","templated":true}]}}