{"id":572,"date":"2023-06-05T14:59:24","date_gmt":"2023-06-05T12:59:24","guid":{"rendered":"https:\/\/www.lillehorseevent.com\/mentions-legales\/"},"modified":"2023-10-04T11:51:36","modified_gmt":"2023-10-04T09:51:36","slug":"mentions-legales","status":"publish","type":"page","link":"https:\/\/www.lillehorseevent.com\/en\/mentions-legales\/","title":{"rendered":"Mentions L\u00e9gales"},"content":{"rendered":"<p>La navigation sur ce site est soumise aux pr\u00e9sentes conditions d\u2019utilisation.<br \/>\nEn acc\u00e9dant aux informations mises \u00e0 disposition par Lille Grand Palais, sur son site Internet, vous reconnaissez avoir pris connaissance des pr\u00e9sentes conditions d\u2019utilisation et les accepter.<\/p>\n<p><strong>Editeur<\/strong><\/p>\n<p>Ce site est \u00e9dit\u00e9 par<br \/>\nLille Grand Palais dont le si\u00e8ge social est situ\u00e9 au<br \/>\n1 boulevard des Cit\u00e9s Unies<br \/>\n59777 Lille-Euralille<\/p>\n<p>Directeur de la publication : Jacques Richir \u2013 Pr\u00e9sident de Lille Grand Palais<\/p>\n<p><strong>R\u00e9alisation et h\u00e9bergement<\/strong><\/p>\n<p>Agence Wokine<br \/>\n16 place Cormontaigne<br \/>\n59000 Lille<br \/>\nFrance<br \/>\n<a href=\"https:\/\/www.wokine.com\/\">www.wokine.com<\/a><\/p>\n<p><strong>Contenu Editorial<\/strong><\/p>\n<p>Service Marketing et Communication de Lille Grand Palais<\/p>\n<p>Mathilde Pimont \u2013 Responsable du site<\/p>\n<p><strong>Cr\u00e9dits photos<\/strong><\/p>\n<p>Maxime Dufour photographies \u2013 www.maximedufour.net<br \/>\nJean-Pierre Duplan \/ Agence Light Motiv \u2013 www.lightmotiv.com<br \/>\nMichel Legay<br \/>\nGrain de sable<br \/>\nLille Grand Palais<\/p>\n<p><strong>Loi applicable<\/strong> : Le contenu de ce site est r\u00e9gi par la loi fran\u00e7aise.<\/p>\n<p><strong>Donn\u00e9es personnelles<\/strong> : En application de la loi Informatique et Libert\u00e9s n\u00b078-17 du 6 janvier 1978, vous disposez d\u2019un droit d\u2019acc\u00e8s, d\u2019opposition et de rectification de donn\u00e9es vous concernant.<br \/>\nVous pouvez \u00e0 tout moment exercer ce droit en adressant votre demande par \u00e9crit \u00e0 l\u2019adresse email suivante : <a href=\"mailto:contact@lillegp.com\">contact@lillegp.com<\/a><\/p>\n<p><strong>Contenu du site<\/strong> : Lille Grand Palais ne peut garantir l\u2019exactitude, la pr\u00e9cision, l\u2019actualisation ou l\u2019exhaustivit\u00e9 des informations mises \u00e0 disposition sur ce site. En cons\u00e9quence, Lille Grand Palais d\u00e9cline toute responsabilit\u00e9 pour les \u00e9ventuelles impr\u00e9cisions, inexactitudes ou omissions portant sur des informations disponibles sur ce site.<\/p>\n<p><strong>Propri\u00e9t\u00e9 intellectuelle<\/strong> : Ce site, ainsi que tous les \u00e9l\u00e9ments le composant (notamment textes, photographies, vid\u00e9os, marques,\u2026), constituent une oeuvre de l\u2019esprit au sens des articles 112-2 et suivants du code de la Propri\u00e9t\u00e9 Intellectuelle, relevant en tant que telle de la l\u00e9gislation fran\u00e7aise et internationale sur la Propri\u00e9t\u00e9 Litt\u00e9raire et Artistique. La copie de pages du site sur quelque support que ce soit (y compris disque dur), est autoris\u00e9e \u00e0 des fins priv\u00e9es uniquement. En cons\u00e9quence, toute repr\u00e9sentation ou reproduction, m\u00eame partielle, qui pourrait \u00eatre faite du site ou des \u00e9l\u00e9ments le composant, \u00e0 des fins commerciales, sans le consentement pr\u00e9alable et \u00e9crit de Lille Grand Palais est illicite et susceptible de constituer un acte de contrefa\u00e7on engageant les responsabilit\u00e9s civiles et p\u00e9nales du contrefacteur. Les droits aff\u00e9rents aux films publicitaires ainsi qu\u2019aux oeuvres musicales inclus dans ces films, sont r\u00e9serv\u00e9s au profit du propri\u00e9taire de l\u2019enregistrement de l\u2019oeuvre concern\u00e9e.<\/p>\n<p><strong>Liens hypertextes<\/strong> : Les liens hypertextes mis en place dans le cadre du pr\u00e9sent site Internet en direction d\u2019autres sites pr\u00e9sents sur le r\u00e9seau Internet, ne sauraient engager la responsabilit\u00e9 de Lille Grand Palais en ce qui concerne leur contenu ou les liens qu\u2019ils contiennent, ainsi que leurs conditions d\u2019exploitation (notamment gestion des donn\u00e9es personnelles,\u2026) La possibilit\u00e9 d\u2019\u00e9tablir des liens hypertextes simples vers le site est soumise \u00e0 l\u2019accord pr\u00e9alable des organisateurs de Lille Grand Palais. Tout lien hypertexte profond, ou utilisant la technique du \u00bb framing \u00bb (affichage d\u2019une page dans un cadre au sein d\u2019un autre site), est interdit.<\/p>\n<p><strong>Exon\u00e9ration de la responsabilit\u00e9 technique<\/strong> : Lille Grand Palais s\u2019engage \u00e0 faire ses meilleurs efforts pour que le site Internet <a href=\"https:\/\/www.lillegrandpalais.com\">www.lillegrandpalais.com<\/a> soit accessible \u00e0 tout moment. N\u00e9anmoins, Lille Grand Palais d\u00e9cline toute responsabilit\u00e9 en cas de difficult\u00e9 d\u2019acc\u00e8s \u00e0 son site ou d\u2019interruptions dans la connexion, quelles qu\u2019en soient les causes. Notamment, les organisateurs de Lille Grand Palais se r\u00e9serve le droit de proc\u00e9der \u00e0 toute modification du site qu\u2019il jugera utile, et cela sans avertissement pr\u00e9alable et m\u00eame si l\u2019acc\u00e8s au site en est cons\u00e9quemment interrompu. De plus, les organisateurs de Lille Grand Palais ne sauraient \u00eatre tenu responsables des \u00e9ventuels dommages directs ou indirects, y compris l\u2019inaccessibilit\u00e9 au site, les pertes de donn\u00e9es, d\u00e9t\u00e9riorations, destructions ou virus qui pourraient affecter votre \u00e9quipement informatique, et\/ou de la pr\u00e9sence de virus sur son site. Vous reconnaissez avoir v\u00e9rifi\u00e9 que la configuration informatique utilis\u00e9e ne contient aucun virus et est en parfait \u00e9tat de fonctionnement. Copyright \u00ae 2012 \u2013 Lille Grand Palais \u2013 Tous droits r\u00e9serv\u00e9s<\/p>\n","protected":false},"excerpt":{"rendered":"<p>La navigation sur ce site est soumise aux pr\u00e9sentes conditions d\u2019utilisation. En acc\u00e9dant aux informations mises \u00e0 disposition par Lille Grand Palais, sur son site Internet, vous reconnaissez avoir pris connaissance des pr\u00e9sentes conditions d\u2019utilisation et les accepter. Editeur Ce site est \u00e9dit\u00e9 par Lille Grand Palais dont le si\u00e8ge social est situ\u00e9 au 1 [&hellip;]<\/p>\n","protected":false},"author":2,"featured_media":0,"parent":0,"menu_order":0,"comment_status":"closed","ping_status":"closed","template":"","meta":{"inline_featured_image":false},"acf":[],"yoast_head":"<!-- This site is optimized with the Yoast SEO plugin v21.4 - https:\/\/yoast.com\/wordpress\/plugins\/seo\/ -->\n<title>Mentions L\u00e9gales - Lille Horse Event<\/title>\n<meta name=\"robots\" content=\"index, follow, max-snippet:-1, max-image-preview:large, max-video-preview:-1\" \/>\n<link rel=\"canonical\" href=\"https:\/\/www.lillehorseevent.com\/en\/mentions-legales\/\" \/>\n<meta property=\"og:locale\" content=\"en_US\" \/>\n<meta property=\"og:type\" content=\"article\" \/>\n<meta property=\"og:title\" content=\"Mentions L\u00e9gales - Lille Horse Event\" \/>\n<meta property=\"og:description\" content=\"La navigation sur ce site est soumise aux pr\u00e9sentes conditions d\u2019utilisation. En acc\u00e9dant aux informations mises \u00e0 disposition par Lille Grand Palais, sur son site Internet, vous reconnaissez avoir pris connaissance des pr\u00e9sentes conditions d\u2019utilisation et les accepter. Editeur Ce site est \u00e9dit\u00e9 par Lille Grand Palais dont le si\u00e8ge social est situ\u00e9 au 1 [&hellip;]\" \/>\n<meta property=\"og:url\" content=\"https:\/\/www.lillehorseevent.com\/en\/mentions-legales\/\" \/>\n<meta property=\"og:site_name\" content=\"Lille Horse Event\" \/>\n<meta property=\"article:modified_time\" content=\"2023-10-04T09:51:36+00:00\" \/>\n<meta name=\"twitter:card\" content=\"summary_large_image\" \/>\n<meta name=\"twitter:label1\" content=\"Est. reading time\" \/>\n\t<meta name=\"twitter:data1\" content=\"4 minutes\" \/>\n<script type=\"application\/ld+json\" class=\"yoast-schema-graph\">{\"@context\":\"https:\/\/schema.org\",\"@graph\":[{\"@type\":\"WebPage\",\"@id\":\"https:\/\/www.lillehorseevent.com\/en\/mentions-legales\/\",\"url\":\"https:\/\/www.lillehorseevent.com\/en\/mentions-legales\/\",\"name\":\"Mentions L\u00e9gales - Lille Horse Event\",\"isPartOf\":{\"@id\":\"https:\/\/www.lillehorseevent.com\/#website\"},\"datePublished\":\"2023-06-05T12:59:24+00:00\",\"dateModified\":\"2023-10-04T09:51:36+00:00\",\"breadcrumb\":{\"@id\":\"https:\/\/www.lillehorseevent.com\/en\/mentions-legales\/#breadcrumb\"},\"inLanguage\":\"en-US\",\"potentialAction\":[{\"@type\":\"ReadAction\",\"target\":[\"https:\/\/www.lillehorseevent.com\/en\/mentions-legales\/\"]}]},{\"@type\":\"BreadcrumbList\",\"@id\":\"https:\/\/www.lillehorseevent.com\/en\/mentions-legales\/#breadcrumb\",\"itemListElement\":[{\"@type\":\"ListItem\",\"position\":1,\"name\":\"Home\",\"item\":\"https:\/\/www.lillehorseevent.com\/en\/\"},{\"@type\":\"ListItem\",\"position\":2,\"name\":\"Mentions L\u00e9gales\"}]},{\"@type\":\"WebSite\",\"@id\":\"https:\/\/www.lillehorseevent.com\/#website\",\"url\":\"https:\/\/www.lillehorseevent.com\/\",\"name\":\"Lille Horse Event\",\"description\":\"\",\"publisher\":{\"@id\":\"https:\/\/www.lillehorseevent.com\/#organization\"},\"potentialAction\":[{\"@type\":\"SearchAction\",\"target\":{\"@type\":\"EntryPoint\",\"urlTemplate\":\"https:\/\/www.lillehorseevent.com\/?s={search_term_string}\"},\"query-input\":\"required name=search_term_string\"}],\"inLanguage\":\"en-US\"},{\"@type\":\"Organization\",\"@id\":\"https:\/\/www.lillehorseevent.com\/#organization\",\"name\":\"Lille Horse Event\",\"url\":\"https:\/\/www.lillehorseevent.com\/\",\"logo\":{\"@type\":\"ImageObject\",\"inLanguage\":\"en-US\",\"@id\":\"https:\/\/www.lillehorseevent.com\/#\/schema\/logo\/image\/\",\"url\":\"https:\/\/www.lillehorseevent.com\/wp-content\/uploads\/2023\/06\/main-logo.svg\",\"contentUrl\":\"https:\/\/www.lillehorseevent.com\/wp-content\/uploads\/2023\/06\/main-logo.svg\",\"width\":370,\"height\":331,\"caption\":\"Lille Horse Event\"},\"image\":{\"@id\":\"https:\/\/www.lillehorseevent.com\/#\/schema\/logo\/image\/\"}}]}<\/script>\n<!-- \/ Yoast SEO plugin. -->","yoast_head_json":{"title":"Mentions L\u00e9gales - Lille Horse Event","robots":{"index":"index","follow":"follow","max-snippet":"max-snippet:-1","max-image-preview":"max-image-preview:large","max-video-preview":"max-video-preview:-1"},"canonical":"https:\/\/www.lillehorseevent.com\/en\/mentions-legales\/","og_locale":"en_US","og_type":"article","og_title":"Mentions L\u00e9gales - Lille Horse Event","og_description":"La navigation sur ce site est soumise aux pr\u00e9sentes conditions d\u2019utilisation. En acc\u00e9dant aux informations mises \u00e0 disposition par Lille Grand Palais, sur son site Internet, vous reconnaissez avoir pris connaissance des pr\u00e9sentes conditions d\u2019utilisation et les accepter. Editeur Ce site est \u00e9dit\u00e9 par Lille Grand Palais dont le si\u00e8ge social est situ\u00e9 au 1 [&hellip;]","og_url":"https:\/\/www.lillehorseevent.com\/en\/mentions-legales\/","og_site_name":"Lille Horse Event","article_modified_time":"2023-10-04T09:51:36+00:00","twitter_card":"summary_large_image","twitter_misc":{"Est. reading time":"4 minutes"},"schema":{"@context":"https:\/\/schema.org","@graph":[{"@type":"WebPage","@id":"https:\/\/www.lillehorseevent.com\/en\/mentions-legales\/","url":"https:\/\/www.lillehorseevent.com\/en\/mentions-legales\/","name":"Mentions L\u00e9gales - Lille Horse Event","isPartOf":{"@id":"https:\/\/www.lillehorseevent.com\/#website"},"datePublished":"2023-06-05T12:59:24+00:00","dateModified":"2023-10-04T09:51:36+00:00","breadcrumb":{"@id":"https:\/\/www.lillehorseevent.com\/en\/mentions-legales\/#breadcrumb"},"inLanguage":"en-US","potentialAction":[{"@type":"ReadAction","target":["https:\/\/www.lillehorseevent.com\/en\/mentions-legales\/"]}]},{"@type":"BreadcrumbList","@id":"https:\/\/www.lillehorseevent.com\/en\/mentions-legales\/#breadcrumb","itemListElement":[{"@type":"ListItem","position":1,"name":"Home","item":"https:\/\/www.lillehorseevent.com\/en\/"},{"@type":"ListItem","position":2,"name":"Mentions L\u00e9gales"}]},{"@type":"WebSite","@id":"https:\/\/www.lillehorseevent.com\/#website","url":"https:\/\/www.lillehorseevent.com\/","name":"Lille Horse Event","description":"","publisher":{"@id":"https:\/\/www.lillehorseevent.com\/#organization"},"potentialAction":[{"@type":"SearchAction","target":{"@type":"EntryPoint","urlTemplate":"https:\/\/www.lillehorseevent.com\/?s={search_term_string}"},"query-input":"required name=search_term_string"}],"inLanguage":"en-US"},{"@type":"Organization","@id":"https:\/\/www.lillehorseevent.com\/#organization","name":"Lille Horse Event","url":"https:\/\/www.lillehorseevent.com\/","logo":{"@type":"ImageObject","inLanguage":"en-US","@id":"https:\/\/www.lillehorseevent.com\/#\/schema\/logo\/image\/","url":"https:\/\/www.lillehorseevent.com\/wp-content\/uploads\/2023\/06\/main-logo.svg","contentUrl":"https:\/\/www.lillehorseevent.com\/wp-content\/uploads\/2023\/06\/main-logo.svg","width":370,"height":331,"caption":"Lille Horse Event"},"image":{"@id":"https:\/\/www.lillehorseevent.com\/#\/schema\/logo\/image\/"}}]}},"_links":{"self":[{"href":"https:\/\/www.lillehorseevent.com\/en\/wp-json\/wp\/v2\/pages\/572"}],"collection":[{"href":"https:\/\/www.lillehorseevent.com\/en\/wp-json\/wp\/v2\/pages"}],"about":[{"href":"https:\/\/www.lillehorseevent.com\/en\/wp-json\/wp\/v2\/types\/page"}],"author":[{"embeddable":true,"href":"https:\/\/www.lillehorseevent.com\/en\/wp-json\/wp\/v2\/users\/2"}],"replies":[{"embeddable":true,"href":"https:\/\/www.lillehorseevent.com\/en\/wp-json\/wp\/v2\/comments?post=572"}],"version-history":[{"count":1,"href":"https:\/\/www.lillehorseevent.com\/en\/wp-json\/wp\/v2\/pages\/572\/revisions"}],"predecessor-version":[{"id":589,"href":"https:\/\/www.lillehorseevent.com\/en\/wp-json\/wp\/v2\/pages\/572\/revisions\/589"}],"wp:attachment":[{"href":"https:\/\/www.lillehorseevent.com\/en\/wp-json\/wp\/v2\/media?parent=572"}],"curies":[{"name":"wp","href":"https:\/\/api.w.org\/{rel}","templated":true}]}}